{"id":2498,"date":"2021-03-03T17:00:49","date_gmt":"2021-03-03T16:00:49","guid":{"rendered":"http:\/\/globalconnect.es\/?page_id=2498"},"modified":"2025-05-30T09:17:12","modified_gmt":"2025-05-30T07:17:12","slug":"cursos-intensius-de-angles","status":"publish","type":"page","link":"https:\/\/globalconnect.es\/ca\/cursos-intensius-de-angles\/","title":{"rendered":"Cursos intensius de angles"},"content":{"rendered":"[vc_row type=&#8221;full_width_content&#8221; full_screen_row_position=&#8221;middle&#8221; column_margin=&#8221;default&#8221; column_direction=&#8221;default&#8221; column_direction_tablet=&#8221;default&#8221; column_direction_phone=&#8221;default&#8221; scene_position=&#8221;center&#8221; text_color=&#8221;dark&#8221; text_align=&#8221;left&#8221; row_border_radius=&#8221;none&#8221; row_border_radius_applies=&#8221;bg&#8221; overlay_strength=&#8221;0.3&#8243; gradient_direction=&#8221;left_to_right&#8221; shape_divider_position=&#8221;bottom&#8221; bg_image_animation=&#8221;none&#8221; shape_type=&#8221;&#8221;][vc_column column_padding=&#8221;no-extra-padding&#8221; column_padding_tablet=&#8221;inherit&#8221; column_padding_phone=&#8221;inherit&#8221; column_padding_position=&#8221;all&#8221; background_color_opacity=&#8221;1&#8243; background_hover_color_opacity=&#8221;1&#8243; column_shadow=&#8221;none&#8221; column_border_radius=&#8221;none&#8221; column_link_target=&#8221;_self&#8221; gradient_direction=&#8221;left_to_right&#8221; overlay_strength=&#8221;0.3&#8243; width=&#8221;1\/1&#8243; tablet_width_inherit=&#8221;default&#8221; tablet_text_alignment=&#8221;default&#8221; phone_text_alignment=&#8221;default&#8221; column_border_width=&#8221;none&#8221; column_border_style=&#8221;solid&#8221; bg_image_animation=&#8221;none&#8221;][image_with_animation image_url=&#8221;2683&#8243; animation=&#8221;Fade In&#8221; hover_animation=&#8221;none&#8221; alignment=&#8221;&#8221; border_radius=&#8221;none&#8221; box_shadow=&#8221;none&#8221; image_loading=&#8221;default&#8221; max_width=&#8221;100%&#8221; max_width_mobile=&#8221;default&#8221;][\/vc_column][\/vc_row][vc_row type=&#8221;in_container&#8221; full_screen_row_position=&#8221;middle&#8221; column_margin=&#8221;default&#8221; column_direction=&#8221;default&#8221; column_direction_tablet=&#8221;default&#8221; column_direction_phone=&#8221;default&#8221; scene_position=&#8221;center&#8221; top_padding=&#8221;7%&#8221; bottom_padding=&#8221;7%&#8221; text_color=&#8221;dark&#8221; text_align=&#8221;left&#8221; row_border_radius=&#8221;none&#8221; row_border_radius_applies=&#8221;bg&#8221; overlay_strength=&#8221;0.3&#8243; gradient_direction=&#8221;left_to_right&#8221; shape_divider_position=&#8221;bottom&#8221; bg_image_animation=&#8221;none&#8221; shape_type=&#8221;&#8221;][vc_column column_padding=&#8221;no-extra-padding&#8221; column_padding_tablet=&#8221;inherit&#8221; column_padding_phone=&#8221;inherit&#8221; column_padding_position=&#8221;all&#8221; background_color_opacity=&#8221;1&#8243; background_hover_color_opacity=&#8221;1&#8243; column_shadow=&#8221;none&#8221; column_border_radius=&#8221;none&#8221; column_link_target=&#8221;_self&#8221; gradient_direction=&#8221;left_to_right&#8221; overlay_strength=&#8221;0.3&#8243; width=&#8221;1\/2&#8243; tablet_width_inherit=&#8221;default&#8221; tablet_text_alignment=&#8221;default&#8221; phone_text_alignment=&#8221;default&#8221; column_border_width=&#8221;none&#8221; column_border_style=&#8221;solid&#8221; bg_image_animation=&#8221;none&#8221;][vc_custom_heading text=&#8221;Cursos intensius d&#8217;angl\u00e8s&#8221; font_container=&#8221;tag:h1|font_size:30|text_align:left|color:%23004e85|line_height:30px&#8221; google_fonts=&#8221;font_family:Montserrat%3Aregular%2C700|font_style:400%20regular%3A400%3Anormal&#8221;][vc_custom_heading text=&#8221;per a joves&#8221; font_container=&#8221;tag:h1|font_size:30|text_align:left|color:%23004e85|line_height:30px&#8221; google_fonts=&#8221;font_family:Montserrat%3Aregular%2C700|font_style:700%20bold%20regular%3A700%3Anormal&#8221;][divider line_type=&#8221;No Line&#8221; md_height=&#8221;80&#8243; lg_height=&#8221;80&#8243;][vc_column_text]\n<h3><strong>CURS DE PREPARACI\u00d3 D&#8217; EX\u00c0MENS<\/strong><\/h3>\n<p><span style=\"color: #98c628;\"><strong>LA MILLOR OPCI\u00d3 PER CERTIFICAR EL TEU ANGL\u00c8S AQUEST ESTIU<\/strong><\/span><\/p>\n<p>Maximitza les teves possibilitats d&#8217;\u00e8xit en inscriure&#8217;t a un dels nostres cursos de preparaci\u00f3 d&#8217;ex\u00e0mens<\/p>\n<p><strong><u>A2 Key (KET), <\/u><\/strong><\/p>\n<p><strong><u>B1 Preliminary (PET), <\/u><\/strong><\/p>\n<p><strong><u>B2 First (FCE) o <\/u><\/strong><\/p>\n<p><strong><u>C1 Advanced (CAE)<\/u><\/strong>[\/vc_column_text][toggles style=&#8221;minimal_small&#8221;][toggle color=&#8221;Accent-Color&#8221; title=&#8221;M\u00e9s informaci\u00f3&#8221;][vc_column_text]<strong>FCE CAMBRIDGE INTENSIVE<\/strong><br \/>\nDe dilluns a dijous 2 hores<br data-start=\"27\" data-end=\"30\" \/>Del 25 de juny al 24 de juliol de 2025<br data-start=\"68\" data-end=\"71\" \/>Preu 315\u202f\u20ac<\/p>\n<p><strong>FCE EXPANSION<\/strong><br \/>\nDe dilluns a dijous, 1,5 hores<br data-start=\"30\" data-end=\"33\" \/>Del 30 de juny al 24 de juliol de 2025<br data-start=\"71\" data-end=\"74\" \/>Preu 200\u202f\u20ac<\/p>\n<p><strong>CAE INTENSIVE<\/strong><br \/>\nDe dilluns a dijous 2 hores<br data-start=\"27\" data-end=\"30\" \/>Del 25 de juny al 24 de juliol de 2025<br data-start=\"68\" data-end=\"71\" \/>Preu 325\u202f\u20ac<\/p>\n<p><strong>KET\/PET INTENSIVE<\/strong><br \/>\nDe dilluns a dijous 1,5 hores<br data-start=\"29\" data-end=\"32\" \/>Del 30 de juny al 24 de juliol de 2025<br data-start=\"70\" data-end=\"73\" \/>Preu 200\u202f\u20ac[\/vc_column_text][\/toggle][\/toggles][nectar_btn size=&#8221;medium&#8221; button_style=&#8221;regular&#8221; button_color_2=&#8221;Accent-Color&#8221; icon_family=&#8221;none&#8221; text=&#8221;Inscriure&#8217;s&#8221; url=&#8221;https:\/\/globalconnect.myatenea.com\/?registro=true&#8221;][divider line_type=&#8221;No Line&#8221; md_height=&#8221;80&#8243; lg_height=&#8221;80&#8243;][\/vc_column][vc_column column_padding=&#8221;no-extra-padding&#8221; column_padding_tablet=&#8221;inherit&#8221; column_padding_phone=&#8221;inherit&#8221; column_padding_position=&#8221;all&#8221; background_color_opacity=&#8221;1&#8243; background_hover_color_opacity=&#8221;1&#8243; column_shadow=&#8221;none&#8221; column_border_radius=&#8221;none&#8221; column_link_target=&#8221;_self&#8221; gradient_direction=&#8221;left_to_right&#8221; overlay_strength=&#8221;0.3&#8243; width=&#8221;1\/2&#8243; tablet_width_inherit=&#8221;default&#8221; tablet_text_alignment=&#8221;default&#8221; phone_text_alignment=&#8221;default&#8221; column_border_width=&#8221;none&#8221; column_border_style=&#8221;solid&#8221; bg_image_animation=&#8221;none&#8221;][vc_custom_heading text=&#8221;Cursos intensius d&#8217;angl\u00e8s&#8221; font_container=&#8221;tag:h1|font_size:30|text_align:left|color:%23004e85|line_height:30px&#8221; google_fonts=&#8221;font_family:Montserrat%3Aregular%2C700|font_style:400%20regular%3A400%3Anormal&#8221;][vc_custom_heading text=&#8221;per a adults&#8221; font_container=&#8221;tag:h1|font_size:30|text_align:left|color:%23004e85|line_height:30px&#8221; google_fonts=&#8221;font_family:Montserrat%3Aregular%2C700|font_style:700%20bold%20regular%3A700%3Anormal&#8221;][divider line_type=&#8221;No Line&#8221; md_height=&#8221;80&#8243; lg_height=&#8221;80&#8243;][vc_column_text]\n<h3><strong>CURS DE PREPARACI\u00d3 D&#8217; EX\u00c0MENS<\/strong><\/h3>\n<p><span style=\"color: #98c628;\"><strong>LA MILLOR OPCI\u00d3 PER CERTIFICAR EL TEU ANGL\u00c8S AQUEST ESTIU<\/strong><\/span><\/p>\n<p>Maximitza les teves possibilitats d&#8217;\u00e8xit en inscriure&#8217;t a un dels nostres cursos de preparaci\u00f3 d&#8217;ex\u00e0mens.<\/p>\n<p><strong><u>A2 Key (KET), <\/u><\/strong><\/p>\n<p><strong><u>B1 Preliminary (PET), <\/u><\/strong><\/p>\n<p><strong><u>B2 First (FCE) o <\/u><\/strong><\/p>\n<p><strong><u>C1 Advanced (CAE)<\/u><\/strong>[\/vc_column_text][toggles style=&#8221;minimal_small&#8221;][toggle color=&#8221;Accent-Color&#8221; title=&#8221;M\u00e9s informaci\u00f3&#8221;][vc_column_text]<strong>FCE CAMBRIDGE INTENSIVE<\/strong><br \/>\nDe dilluns a dijous 2 hores<br data-start=\"27\" data-end=\"30\" \/>Del 25 de juny al 24 de juliol de 2025<br data-start=\"68\" data-end=\"71\" \/>Preu 315\u202f\u20ac<\/p>\n<p><strong>FCE EXPANSION<\/strong><br \/>\nDe dilluns a dijous 1,5 hores<br data-start=\"29\" data-end=\"32\" \/>Del 30 de juny al 25 de juliol de 2025<br data-start=\"70\" data-end=\"73\" \/>Preu 200\u202f\u20ac<\/p>\n<p><strong>CAE INTENSIVE<\/strong><br \/>\nLunes a Jueves 2 horas<br \/>\nDel 25 de junio al 24 de julio de 2025<br \/>\nPrecio 315\u20ac[\/vc_column_text][\/toggle][\/toggles][nectar_btn size=&#8221;medium&#8221; button_style=&#8221;regular&#8221; button_color_2=&#8221;Accent-Color&#8221; icon_family=&#8221;none&#8221; text=&#8221;Inscriure&#8217;s&#8221; url=&#8221;https:\/\/globalconnect.myatenea.com\/?registro=true&#8221;][divider line_type=&#8221;No Line&#8221; md_height=&#8221;80&#8243; lg_height=&#8221;80&#8243;][vc_column_text]\n<h3><strong>ANGL\u00c8S GENERAL<\/strong><\/h3>\n<p>T&#8217;ajudar\u00e0 a progressar fent servir l&#8217;angl\u00e8s en m\u00faltiples situacions quotidianes. Podr\u00e0s parlar sobre cultura, esports, viatges, menjar, hist\u00f2ria i art. El professor\/a se centrar\u00e0 en la gram\u00e0tica, el vocabulari i la pronunciaci\u00f3 i millorar\u00e0 les teves habilitats dexpressi\u00f3 oral, comprensi\u00f3 auditiva, lectura i escriptura en angl\u00e8s. Aquest curs desenvolupar\u00e0 la teva confian\u00e7a per comunicar-te en un entorn social sobre moltes mat\u00e8ries[\/vc_column_text][toggles style=&#8221;minimal_small&#8221;][toggle color=&#8221;Accent-Color&#8221; title=&#8221;M\u00e9s informaci\u00f3&#8221;][vc_column_text]<strong>ELEMENTARY General English<\/strong><br \/>\nDe dilluns a dijous 1,5 hores<br data-start=\"29\" data-end=\"32\" \/>Del 1 de juliol al 25 de juliol de 2025<br data-start=\"71\" data-end=\"74\" \/>Preu 180\u202f\u20ac<\/p>\n<p><strong>PRE- INTERMEDIATE General English<\/strong><br \/>\nDe dilluns a dijous 1,5 hores<br data-start=\"29\" data-end=\"32\" \/>Del 30 de juny al 25 de juliol de 2025<br data-start=\"70\" data-end=\"73\" \/>Preu 180\u202f\u20ac<\/p>\n<p><strong>INTERMEDIATE General English<\/strong><br \/>\nDe dilluns a dijous 1,5 hores<br data-start=\"29\" data-end=\"32\" \/>Del 30 de juny al 25 de juliol de 2025<br data-start=\"70\" data-end=\"73\" \/>Preu 180\u202f\u20ac<\/p>\n<p><strong>UPPER-INTERMEDIATE General English<\/strong><br \/>\nDe dilluns a dijous 1,5 hores<br data-start=\"29\" data-end=\"32\" \/>Del 30 de juny al 25 de juliol de 2025<br data-start=\"70\" data-end=\"73\" \/>Preu 180\u202f\u20ac[\/vc_column_text][\/toggle][\/toggles][nectar_btn size=&#8221;medium&#8221; button_style=&#8221;regular&#8221; button_color_2=&#8221;Accent-Color&#8221; icon_family=&#8221;none&#8221; text=&#8221;Inscriure&#8217;s&#8221; url=&#8221;https:\/\/globalconnect.myatenea.com\/?registro=true&#8221;][divider line_type=&#8221;No Line&#8221; md_height=&#8221;50&#8243; lg_height=&#8221;50&#8243;][\/vc_column][\/vc_row]\n","protected":false},"excerpt":{"rendered":"<p>[vc_row type=&#8221;full_width_content&#8221; full_screen_row_position=&#8221;middle&#8221; column_margin=&#8221;default&#8221; column_direction=&#8221;default&#8221; column_direction_tablet=&#8221;default&#8221; column_direction_phone=&#8221;default&#8221; scene_position=&#8221;center&#8221; text_color=&#8221;dark&#8221; text_align=&#8221;left&#8221; row_border_radius=&#8221;none&#8221; row_border_radius_applies=&#8221;bg&#8221; overlay_strength=&#8221;0.3&#8243; gradient_direction=&#8221;left_to_right&#8221; shape_divider_position=&#8221;bottom&#8221; bg_image_animation=&#8221;none&#8221; shape_type=&#8221;&#8221;][vc_column column_padding=&#8221;no-extra-padding&#8221; column_padding_tablet=&#8221;inherit&#8221; column_padding_phone=&#8221;inherit&#8221; column_padding_position=&#8221;all&#8221; background_color_opacity=&#8221;1&#8243; background_hover_color_opacity=&#8221;1&#8243; column_shadow=&#8221;none&#8221; column_border_radius=&#8221;none&#8221; column_link_target=&#8221;_self&#8221; gradient_direction=&#8221;left_to_right&#8221; overlay_strength=&#8221;0.3&#8243; width=&#8221;1\/1&#8243; tablet_width_inherit=&#8221;default&#8221;&#8230;<\/p>\n","protected":false},"author":6,"featured_media":0,"parent":0,"menu_order":0,"comment_status":"closed","ping_status":"closed","template":"","meta":{"_monsterinsights_skip_tracking":false,"_monsterinsights_sitenote_active":false,"_monsterinsights_sitenote_note":"","_monsterinsights_sitenote_category":0,"footnotes":""},"class_list":["post-2498","page","type-page","status-publish"],"yoast_head":"<!-- This site is optimized with the Yoast SEO plugin v27.0 - https:\/\/yoast.com\/product\/yoast-seo-wordpress\/ -->\n<title>Cursos intensius de angles - Global Connect Idiomes<\/title>\n<meta name=\"robots\" content=\"index, follow, max-snippet:-1, max-image-preview:large, max-video-preview:-1\" \/>\n<link rel=\"canonical\" href=\"https:\/\/globalconnect.es\/cursos-intensivos-de-ingles\/\" \/>\n<meta property=\"og:locale\" content=\"ca_ES\" \/>\n<meta property=\"og:type\" content=\"article\" \/>\n<meta property=\"og:title\" content=\"Cursos intensius de angles - Global Connect Idiomes\" \/>\n<meta property=\"og:description\" content=\"[vc_row type=&#8221;full_width_content&#8221; full_screen_row_position=&#8221;middle&#8221; column_margin=&#8221;default&#8221; column_direction=&#8221;default&#8221; column_direction_tablet=&#8221;default&#8221; column_direction_phone=&#8221;default&#8221; scene_position=&#8221;center&#8221; text_color=&#8221;dark&#8221; text_align=&#8221;left&#8221; row_border_radius=&#8221;none&#8221; row_border_radius_applies=&#8221;bg&#8221; overlay_strength=&#8221;0.3&#8243; gradient_direction=&#8221;left_to_right&#8221; shape_divider_position=&#8221;bottom&#8221; bg_image_animation=&#8221;none&#8221; shape_type=&#8221;&#8221;][vc_column column_padding=&#8221;no-extra-padding&#8221; column_padding_tablet=&#8221;inherit&#8221; column_padding_phone=&#8221;inherit&#8221; column_padding_position=&#8221;all&#8221; background_color_opacity=&#8221;1&#8243; background_hover_color_opacity=&#8221;1&#8243; column_shadow=&#8221;none&#8221; column_border_radius=&#8221;none&#8221; column_link_target=&#8221;_self&#8221; gradient_direction=&#8221;left_to_right&#8221; overlay_strength=&#8221;0.3&#8243; width=&#8221;1\/1&#8243; tablet_width_inherit=&#8221;default&#8221;...\" \/>\n<meta property=\"og:url\" content=\"https:\/\/globalconnect.es\/cursos-intensivos-de-ingles\/\" \/>\n<meta property=\"og:site_name\" content=\"Global Connect Idiomes\" \/>\n<meta property=\"article:modified_time\" content=\"2025-05-30T07:17:12+00:00\" \/>\n<meta name=\"twitter:card\" content=\"summary_large_image\" \/>\n<meta name=\"twitter:label1\" content=\"Temps estimat de lectura\" \/>\n\t<meta name=\"twitter:data1\" content=\"5 minuts\" \/>\n<script type=\"application\/ld+json\" class=\"yoast-schema-graph\">{\"@context\":\"https:\/\/schema.org\",\"@graph\":[{\"@type\":\"WebPage\",\"@id\":\"https:\/\/globalconnect.es\/cursos-intensivos-de-ingles\/\",\"url\":\"https:\/\/globalconnect.es\/cursos-intensivos-de-ingles\/\",\"name\":\"Cursos intensius de angles - Global Connect Idiomes\",\"isPartOf\":{\"@id\":\"https:\/\/globalconnect.es\/#website\"},\"datePublished\":\"2021-03-03T16:00:49+00:00\",\"dateModified\":\"2025-05-30T07:17:12+00:00\",\"breadcrumb\":{\"@id\":\"https:\/\/globalconnect.es\/cursos-intensivos-de-ingles\/#breadcrumb\"},\"inLanguage\":\"ca\",\"potentialAction\":[{\"@type\":\"ReadAction\",\"target\":[\"https:\/\/globalconnect.es\/cursos-intensivos-de-ingles\/\"]}]},{\"@type\":\"BreadcrumbList\",\"@id\":\"https:\/\/globalconnect.es\/cursos-intensivos-de-ingles\/#breadcrumb\",\"itemListElement\":[{\"@type\":\"ListItem\",\"position\":1,\"name\":\"Portada\",\"item\":\"https:\/\/globalconnect.es\/\"},{\"@type\":\"ListItem\",\"position\":2,\"name\":\"Cursos intensius de angles\"}]},{\"@type\":\"WebSite\",\"@id\":\"https:\/\/globalconnect.es\/#website\",\"url\":\"https:\/\/globalconnect.es\/\",\"name\":\"Global Connect Idiomes\",\"description\":\"English Language Classes  Children\",\"potentialAction\":[{\"@type\":\"SearchAction\",\"target\":{\"@type\":\"EntryPoint\",\"urlTemplate\":\"https:\/\/globalconnect.es\/?s={search_term_string}\"},\"query-input\":{\"@type\":\"PropertyValueSpecification\",\"valueRequired\":true,\"valueName\":\"search_term_string\"}}],\"inLanguage\":\"ca\"}]}<\/script>\n<!-- \/ Yoast SEO plugin. -->","yoast_head_json":{"title":"Cursos intensius de angles - Global Connect Idiomes","robots":{"index":"index","follow":"follow","max-snippet":"max-snippet:-1","max-image-preview":"max-image-preview:large","max-video-preview":"max-video-preview:-1"},"canonical":"https:\/\/globalconnect.es\/cursos-intensivos-de-ingles\/","og_locale":"ca_ES","og_type":"article","og_title":"Cursos intensius de angles - Global Connect Idiomes","og_description":"[vc_row type=&#8221;full_width_content&#8221; full_screen_row_position=&#8221;middle&#8221; column_margin=&#8221;default&#8221; column_direction=&#8221;default&#8221; column_direction_tablet=&#8221;default&#8221; column_direction_phone=&#8221;default&#8221; scene_position=&#8221;center&#8221; text_color=&#8221;dark&#8221; text_align=&#8221;left&#8221; row_border_radius=&#8221;none&#8221; row_border_radius_applies=&#8221;bg&#8221; overlay_strength=&#8221;0.3&#8243; gradient_direction=&#8221;left_to_right&#8221; shape_divider_position=&#8221;bottom&#8221; bg_image_animation=&#8221;none&#8221; shape_type=&#8221;&#8221;][vc_column column_padding=&#8221;no-extra-padding&#8221; column_padding_tablet=&#8221;inherit&#8221; column_padding_phone=&#8221;inherit&#8221; column_padding_position=&#8221;all&#8221; background_color_opacity=&#8221;1&#8243; background_hover_color_opacity=&#8221;1&#8243; column_shadow=&#8221;none&#8221; column_border_radius=&#8221;none&#8221; column_link_target=&#8221;_self&#8221; gradient_direction=&#8221;left_to_right&#8221; overlay_strength=&#8221;0.3&#8243; width=&#8221;1\/1&#8243; tablet_width_inherit=&#8221;default&#8221;...","og_url":"https:\/\/globalconnect.es\/cursos-intensivos-de-ingles\/","og_site_name":"Global Connect Idiomes","article_modified_time":"2025-05-30T07:17:12+00:00","twitter_card":"summary_large_image","twitter_misc":{"Temps estimat de lectura":"5 minuts"},"schema":{"@context":"https:\/\/schema.org","@graph":[{"@type":"WebPage","@id":"https:\/\/globalconnect.es\/cursos-intensivos-de-ingles\/","url":"https:\/\/globalconnect.es\/cursos-intensivos-de-ingles\/","name":"Cursos intensius de angles - Global Connect Idiomes","isPartOf":{"@id":"https:\/\/globalconnect.es\/#website"},"datePublished":"2021-03-03T16:00:49+00:00","dateModified":"2025-05-30T07:17:12+00:00","breadcrumb":{"@id":"https:\/\/globalconnect.es\/cursos-intensivos-de-ingles\/#breadcrumb"},"inLanguage":"ca","potentialAction":[{"@type":"ReadAction","target":["https:\/\/globalconnect.es\/cursos-intensivos-de-ingles\/"]}]},{"@type":"BreadcrumbList","@id":"https:\/\/globalconnect.es\/cursos-intensivos-de-ingles\/#breadcrumb","itemListElement":[{"@type":"ListItem","position":1,"name":"Portada","item":"https:\/\/globalconnect.es\/"},{"@type":"ListItem","position":2,"name":"Cursos intensius de angles"}]},{"@type":"WebSite","@id":"https:\/\/globalconnect.es\/#website","url":"https:\/\/globalconnect.es\/","name":"Global Connect Idiomes","description":"English Language Classes  Children","potentialAction":[{"@type":"SearchAction","target":{"@type":"EntryPoint","urlTemplate":"https:\/\/globalconnect.es\/?s={search_term_string}"},"query-input":{"@type":"PropertyValueSpecification","valueRequired":true,"valueName":"search_term_string"}}],"inLanguage":"ca"}]}},"_links":{"self":[{"href":"https:\/\/globalconnect.es\/ca\/wp-json\/wp\/v2\/pages\/2498","targetHints":{"allow":["GET"]}}],"collection":[{"href":"https:\/\/globalconnect.es\/ca\/wp-json\/wp\/v2\/pages"}],"about":[{"href":"https:\/\/globalconnect.es\/ca\/wp-json\/wp\/v2\/types\/page"}],"author":[{"embeddable":true,"href":"https:\/\/globalconnect.es\/ca\/wp-json\/wp\/v2\/users\/6"}],"replies":[{"embeddable":true,"href":"https:\/\/globalconnect.es\/ca\/wp-json\/wp\/v2\/comments?post=2498"}],"version-history":[{"count":0,"href":"https:\/\/globalconnect.es\/ca\/wp-json\/wp\/v2\/pages\/2498\/revisions"}],"wp:attachment":[{"href":"https:\/\/globalconnect.es\/ca\/wp-json\/wp\/v2\/media?parent=2498"}],"curies":[{"name":"wp","href":"https:\/\/api.w.org\/{rel}","templated":true}]}}