{"id":1373,"date":"2018-11-07T10:10:10","date_gmt":"2018-11-07T10:10:10","guid":{"rendered":"http:\/\/globalconnect.es\/?page_id=1373"},"modified":"2026-01-21T14:41:07","modified_gmt":"2026-01-21T13:41:07","slug":"politica-de-cookies","status":"publish","type":"page","link":"https:\/\/globalconnect.es\/ca\/politica-de-cookies\/","title":{"rendered":"POL\u00cdTICA DE COOKIES"},"content":{"rendered":"<h1 data-start=\"245\" data-end=\"266\">POL\u00cdTICA DE COOKIES<\/h1>\n<h2 data-start=\"268\" data-end=\"294\">1. Qu\u00e8 s\u00f3n les cookies?<\/h2>\n<p data-start=\"296\" data-end=\"518\">Les cookies s\u00f3n petits fitxers de text que s\u2019emmagatzemen al dispositiu de l\u2019usuari quan visita un lloc web. La seva finalitat \u00e9s recon\u00e8ixer l\u2019usuari, recordar les seves prefer\u00e8ncies i facilitar una navegaci\u00f3 m\u00e9s eficient.<\/p>\n<hr data-start=\"520\" data-end=\"523\" \/>\n<h2 data-start=\"525\" data-end=\"578\">2. Tipus de cookies utilitzades en aquest lloc web<\/h2>\n<p data-start=\"580\" data-end=\"694\">El lloc web de <strong data-start=\"595\" data-end=\"627\">GLOBAL CONNECT IDIOMES, S.L.<\/strong> utilitza cookies pr\u00f2pies i de tercers amb les finalitats seg\u00fcents:<\/p>\n<h3 data-start=\"696\" data-end=\"736\">a) Cookies t\u00e8cniques o necess\u00e0ries<\/h3>\n<p data-start=\"737\" data-end=\"965\">Permeten a l\u2019usuari la navegaci\u00f3 pel lloc web i l\u2019\u00fas de les diferents opcions o serveis que s\u2019hi ofereixen. Aquestes cookies s\u00f3n necess\u00e0ries per al correcte funcionament del lloc web i no requereixen el consentiment de l\u2019usuari.<\/p>\n<h3 data-start=\"967\" data-end=\"1002\">b) Cookies de personalitzaci\u00f3<\/h3>\n<p data-start=\"1003\" data-end=\"1144\">Permeten recordar informaci\u00f3 perqu\u00e8 l\u2019usuari accedeixi al servei amb determinades caracter\u00edstiques, com ara l\u2019idioma o el tipus de navegador.<\/p>\n<h3 data-start=\"1146\" data-end=\"1172\">c) Cookies d\u2019an\u00e0lisi<\/h3>\n<p data-start=\"1173\" data-end=\"1405\">Permeten quantificar el nombre d\u2019usuaris i realitzar la mesura i an\u00e0lisi estad\u00edstica de l\u2019\u00fas del lloc web, amb la finalitat de millorar l\u2019oferta de serveis. Aquestes cookies nom\u00e9s s\u2019instal\u00b7len amb el consentiment expr\u00e9s de l\u2019usuari.<\/p>\n<h3 data-start=\"1407\" data-end=\"1437\">d) Cookies publicit\u00e0ries<\/h3>\n<p data-start=\"1438\" data-end=\"1568\">Permeten la gesti\u00f3 dels espais publicitaris que, si escau, pugui incloure el lloc web, mostrant anuncis rellevants per a l\u2019usuari.<\/p>\n<hr data-start=\"1570\" data-end=\"1573\" \/>\n<h2 data-start=\"1575\" data-end=\"1615\">3. Cookies utilitzades en el lloc web<\/h2>\n<div class=\"TyagGW_tableContainer\">\n<div class=\"group TyagGW_tableWrapper flex flex-col-reverse w-fit\" tabindex=\"-1\">\n<table class=\"w-fit min-w-(--thread-content-width)\" data-start=\"1617\" data-end=\"1995\">\n<thead data-start=\"1617\" data-end=\"1658\">\n<tr data-start=\"1617\" data-end=\"1658\">\n<th data-start=\"1617\" data-end=\"1626\" data-col-size=\"sm\">Cookie<\/th>\n<th data-start=\"1626\" data-end=\"1636\" data-col-size=\"sm\">Titular<\/th>\n<th data-start=\"1636\" data-end=\"1648\" data-col-size=\"sm\">Finalitat<\/th>\n<th data-start=\"1648\" data-end=\"1658\" data-col-size=\"sm\">Durada<\/th>\n<\/tr>\n<\/thead>\n<tbody data-start=\"1697\" data-end=\"1995\">\n<tr data-start=\"1697\" data-end=\"1763\">\n<td data-start=\"1697\" data-end=\"1703\" data-col-size=\"sm\">_ga<\/td>\n<td data-start=\"1703\" data-end=\"1722\" data-col-size=\"sm\">Google Analytics<\/td>\n<td data-col-size=\"sm\" data-start=\"1722\" data-end=\"1753\">An\u00e0lisi de l\u2019\u00fas del lloc web<\/td>\n<td data-col-size=\"sm\" data-start=\"1753\" data-end=\"1763\">2 anys<\/td>\n<\/tr>\n<tr data-start=\"1764\" data-end=\"1833\">\n<td data-start=\"1764\" data-end=\"1771\" data-col-size=\"sm\">_gid<\/td>\n<td data-col-size=\"sm\" data-start=\"1771\" data-end=\"1790\">Google Analytics<\/td>\n<td data-col-size=\"sm\" data-start=\"1790\" data-end=\"1821\">An\u00e0lisi de l\u2019\u00fas del lloc web<\/td>\n<td data-col-size=\"sm\" data-start=\"1821\" data-end=\"1833\">24 hores<\/td>\n<\/tr>\n<tr data-start=\"1834\" data-end=\"1899\">\n<td data-start=\"1834\" data-end=\"1841\" data-col-size=\"sm\">_gat<\/td>\n<td data-col-size=\"sm\" data-start=\"1841\" data-end=\"1860\">Google Analytics<\/td>\n<td data-col-size=\"sm\" data-start=\"1860\" data-end=\"1888\">Limitaci\u00f3 de sol\u00b7licituds<\/td>\n<td data-col-size=\"sm\" data-start=\"1888\" data-end=\"1899\">1 minut<\/td>\n<\/tr>\n<tr data-start=\"1900\" data-end=\"1995\">\n<td data-start=\"1900\" data-end=\"1920\" data-col-size=\"sm\">Cookies t\u00e8cniques<\/td>\n<td data-col-size=\"sm\" data-start=\"1920\" data-end=\"1951\">GLOBAL CONNECT IDIOMES, S.L.<\/td>\n<td data-col-size=\"sm\" data-start=\"1951\" data-end=\"1985\">Funcionament b\u00e0sic del lloc web<\/td>\n<td data-col-size=\"sm\" data-start=\"1985\" data-end=\"1995\">Sessi\u00f3<\/td>\n<\/tr>\n<\/tbody>\n<\/table>\n<\/div>\n<\/div>\n<blockquote data-start=\"1997\" data-end=\"2146\">\n<p data-start=\"1999\" data-end=\"2146\"><strong data-start=\"1999\" data-end=\"2008\">Nota:<\/strong> Les cookies d\u2019an\u00e0lisi i publicit\u00e0ries nom\u00e9s s\u2019instal\u00b7laran si l\u2019usuari presta el seu consentiment expr\u00e9s mitjan\u00e7ant el banner de cookies.<\/p>\n<\/blockquote>\n<hr data-start=\"2148\" data-end=\"2151\" \/>\n<h2 data-start=\"2153\" data-end=\"2186\">4. Com s\u2019obt\u00e9 el consentiment?<\/h2>\n<p data-start=\"2188\" data-end=\"2290\">En accedir per primera vegada al lloc web, es mostra un <strong data-start=\"2244\" data-end=\"2265\">banner de cookies<\/strong> en el qual l\u2019usuari pot:<\/p>\n<ul data-start=\"2292\" data-end=\"2408\">\n<li data-start=\"2292\" data-end=\"2322\">\n<p data-start=\"2294\" data-end=\"2322\">Acceptar totes les cookies<\/p>\n<\/li>\n<li data-start=\"2323\" data-end=\"2362\">\n<p data-start=\"2325\" data-end=\"2362\">Rebutjar les cookies no necess\u00e0ries<\/p>\n<\/li>\n<li data-start=\"2363\" data-end=\"2408\">\n<p data-start=\"2365\" data-end=\"2408\">Configurar les cookies de manera granular<\/p>\n<\/li>\n<\/ul>\n<p data-start=\"2410\" data-end=\"2518\">La instal\u00b7laci\u00f3 de cookies no necess\u00e0ries es bloqueja fins que l\u2019usuari atorga el seu consentiment expl\u00edcit.<\/p>\n<hr data-start=\"2520\" data-end=\"2523\" \/>\n<h2 data-start=\"2525\" data-end=\"2569\">5. Com desactivar o eliminar les cookies?<\/h2>\n<p data-start=\"2571\" data-end=\"2778\">L\u2019usuari pot configurar el seu navegador per permetre, bloquejar o eliminar les cookies instal\u00b7lades al seu dispositiu. A continuaci\u00f3, s\u2019indiquen els enlla\u00e7os a la configuraci\u00f3 dels navegadors m\u00e9s habituals:<\/p>\n<ul data-start=\"2780\" data-end=\"3140\">\n<li data-start=\"2780\" data-end=\"2857\">\n<p data-start=\"2782\" data-end=\"2857\"><strong data-start=\"2782\" data-end=\"2800\">Google Chrome:<\/strong><br data-start=\"2800\" data-end=\"2803\" \/><a class=\"decorated-link cursor-pointer\" target=\"_new\" rel=\"noopener\" data-start=\"2805\" data-end=\"2857\">https:\/\/support.google.com\/chrome\/answer\/95647?hl=ca<\/a><\/p>\n<\/li>\n<li data-start=\"2859\" data-end=\"2956\">\n<p data-start=\"2861\" data-end=\"2956\"><strong data-start=\"2861\" data-end=\"2881\">Mozilla Firefox:<\/strong><br data-start=\"2881\" data-end=\"2884\" \/><a class=\"decorated-link cursor-pointer\" target=\"_new\" rel=\"noopener\" data-start=\"2886\" data-end=\"2956\">https:\/\/support.mozilla.org\/ca\/kb\/habilitar-i-deshabilitar-les-cookies<\/a><\/p>\n<\/li>\n<li data-start=\"2958\" data-end=\"3034\">\n<p data-start=\"2960\" data-end=\"3034\"><strong data-start=\"2960\" data-end=\"2971\">Safari:<\/strong><br data-start=\"2971\" data-end=\"2974\" \/><a class=\"decorated-link cursor-pointer\" target=\"_new\" rel=\"noopener\" data-start=\"2976\" data-end=\"3034\">https:\/\/support.apple.com\/ca-es\/guide\/safari\/sfri11471\/mac<\/a><\/p>\n<\/li>\n<li data-start=\"3036\" data-end=\"3140\">\n<p data-start=\"3038\" data-end=\"3140\"><strong data-start=\"3038\" data-end=\"3057\">Microsoft Edge:<\/strong><br data-start=\"3057\" data-end=\"3060\" \/><a class=\"decorated-link cursor-pointer\" target=\"_new\" rel=\"noopener\" data-start=\"3062\" data-end=\"3140\">https:\/\/support.microsoft.com\/ca-es\/help\/4027947\/microsoft-edge-delete-cookies<\/a><\/p>\n<\/li>\n<\/ul>\n<p data-start=\"3142\" data-end=\"3219\">La desactivaci\u00f3 de cookies pot afectar el correcte funcionament del lloc web.<\/p>\n<hr data-start=\"3221\" data-end=\"3224\" \/>\n<h2 data-start=\"3226\" data-end=\"3270\">6. Transfer\u00e8ncies internacionals de dades<\/h2>\n<p data-start=\"3272\" data-end=\"3508\">En utilitzar cookies de tercers com Google Analytics, es poden produir transfer\u00e8ncies internacionals de dades. En aquests casos, aquests prove\u00efdors garanteixen un nivell adequat de protecci\u00f3 d\u2019acord amb els mecanismes previstos al RGPD.<\/p>\n<hr data-start=\"3510\" data-end=\"3513\" \/>\n<h2 data-start=\"3515\" data-end=\"3542\">7. Elaboraci\u00f3 de perfils<\/h2>\n<p data-start=\"3544\" data-end=\"3677\">Les cookies utilitzades no s\u2019empren per prendre decisions automatitzades ni per elaborar perfils amb efectes jur\u00eddics sobre l\u2019usuari.<\/p>\n<hr data-start=\"3679\" data-end=\"3682\" \/>\n<h2 data-start=\"3684\" data-end=\"3727\">8. Modificaci\u00f3 de la pol\u00edtica de cookies<\/h2>\n<p data-start=\"3729\" data-end=\"3912\">GLOBAL CONNECT IDIOMES, S.L. es reserva el dret de modificar la present Pol\u00edtica de Cookies en funci\u00f3 de canvis legislatius o t\u00e8cnics. Es recomana a l\u2019usuari revisar-la peri\u00f2dicament.<\/p>\n","protected":false},"excerpt":{"rendered":"<p>POL\u00cdTICA DE COOKIES 1. Qu\u00e8 s\u00f3n les cookies? Les cookies s\u00f3n petits fitxers de text que s\u2019emmagatzemen al dispositiu de l\u2019usuari quan visita un lloc web. La seva finalitat \u00e9s&#8230;<\/p>\n","protected":false},"author":6,"featured_media":0,"parent":0,"menu_order":0,"comment_status":"closed","ping_status":"closed","template":"","meta":{"_monsterinsights_skip_tracking":false,"_monsterinsights_sitenote_active":false,"_monsterinsights_sitenote_note":"","_monsterinsights_sitenote_category":0,"footnotes":""},"class_list":["post-1373","page","type-page","status-publish"],"yoast_head":"<!-- This site is optimized with the Yoast SEO plugin v27.0 - https:\/\/yoast.com\/product\/yoast-seo-wordpress\/ -->\n<title>POL\u00cdTICA DE COOKIES - Global Connect Idiomes<\/title>\n<meta name=\"robots\" content=\"index, follow, max-snippet:-1, max-image-preview:large, max-video-preview:-1\" \/>\n<link rel=\"canonical\" href=\"https:\/\/globalconnect.es\/ca\/politica-de-cookies\/\" \/>\n<meta property=\"og:locale\" content=\"ca_ES\" \/>\n<meta property=\"og:type\" content=\"article\" \/>\n<meta property=\"og:title\" content=\"POL\u00cdTICA DE COOKIES - Global Connect Idiomes\" \/>\n<meta property=\"og:description\" content=\"POL\u00cdTICA DE COOKIES 1. Qu\u00e8 s\u00f3n les cookies? Les cookies s\u00f3n petits fitxers de text que s\u2019emmagatzemen al dispositiu de l\u2019usuari quan visita un lloc web. La seva finalitat \u00e9s...\" \/>\n<meta property=\"og:url\" content=\"https:\/\/globalconnect.es\/ca\/politica-de-cookies\/\" \/>\n<meta property=\"og:site_name\" content=\"Global Connect Idiomes\" \/>\n<meta property=\"article:modified_time\" content=\"2026-01-21T13:41:07+00:00\" \/>\n<meta name=\"twitter:card\" content=\"summary_large_image\" \/>\n<meta name=\"twitter:label1\" content=\"Temps estimat de lectura\" \/>\n\t<meta name=\"twitter:data1\" content=\"3 minuts\" \/>\n<script type=\"application\/ld+json\" class=\"yoast-schema-graph\">{\"@context\":\"https:\/\/schema.org\",\"@graph\":[{\"@type\":\"WebPage\",\"@id\":\"https:\/\/globalconnect.es\/ca\/politica-de-cookies\/\",\"url\":\"https:\/\/globalconnect.es\/ca\/politica-de-cookies\/\",\"name\":\"POL\u00cdTICA DE COOKIES - Global Connect Idiomes\",\"isPartOf\":{\"@id\":\"https:\/\/globalconnect.es\/#website\"},\"datePublished\":\"2018-11-07T10:10:10+00:00\",\"dateModified\":\"2026-01-21T13:41:07+00:00\",\"breadcrumb\":{\"@id\":\"https:\/\/globalconnect.es\/ca\/politica-de-cookies\/#breadcrumb\"},\"inLanguage\":\"ca\",\"potentialAction\":[{\"@type\":\"ReadAction\",\"target\":[\"https:\/\/globalconnect.es\/ca\/politica-de-cookies\/\"]}]},{\"@type\":\"BreadcrumbList\",\"@id\":\"https:\/\/globalconnect.es\/ca\/politica-de-cookies\/#breadcrumb\",\"itemListElement\":[{\"@type\":\"ListItem\",\"position\":1,\"name\":\"Portada\",\"item\":\"https:\/\/globalconnect.es\/\"},{\"@type\":\"ListItem\",\"position\":2,\"name\":\"POL\u00cdTICA DE COOKIES\"}]},{\"@type\":\"WebSite\",\"@id\":\"https:\/\/globalconnect.es\/#website\",\"url\":\"https:\/\/globalconnect.es\/\",\"name\":\"Global Connect Idiomes\",\"description\":\"English Language Classes  Children\",\"potentialAction\":[{\"@type\":\"SearchAction\",\"target\":{\"@type\":\"EntryPoint\",\"urlTemplate\":\"https:\/\/globalconnect.es\/?s={search_term_string}\"},\"query-input\":{\"@type\":\"PropertyValueSpecification\",\"valueRequired\":true,\"valueName\":\"search_term_string\"}}],\"inLanguage\":\"ca\"}]}<\/script>\n<!-- \/ Yoast SEO plugin. -->","yoast_head_json":{"title":"POL\u00cdTICA DE COOKIES - Global Connect Idiomes","robots":{"index":"index","follow":"follow","max-snippet":"max-snippet:-1","max-image-preview":"max-image-preview:large","max-video-preview":"max-video-preview:-1"},"canonical":"https:\/\/globalconnect.es\/ca\/politica-de-cookies\/","og_locale":"ca_ES","og_type":"article","og_title":"POL\u00cdTICA DE COOKIES - Global Connect Idiomes","og_description":"POL\u00cdTICA DE COOKIES 1. Qu\u00e8 s\u00f3n les cookies? Les cookies s\u00f3n petits fitxers de text que s\u2019emmagatzemen al dispositiu de l\u2019usuari quan visita un lloc web. La seva finalitat \u00e9s...","og_url":"https:\/\/globalconnect.es\/ca\/politica-de-cookies\/","og_site_name":"Global Connect Idiomes","article_modified_time":"2026-01-21T13:41:07+00:00","twitter_card":"summary_large_image","twitter_misc":{"Temps estimat de lectura":"3 minuts"},"schema":{"@context":"https:\/\/schema.org","@graph":[{"@type":"WebPage","@id":"https:\/\/globalconnect.es\/ca\/politica-de-cookies\/","url":"https:\/\/globalconnect.es\/ca\/politica-de-cookies\/","name":"POL\u00cdTICA DE COOKIES - Global Connect Idiomes","isPartOf":{"@id":"https:\/\/globalconnect.es\/#website"},"datePublished":"2018-11-07T10:10:10+00:00","dateModified":"2026-01-21T13:41:07+00:00","breadcrumb":{"@id":"https:\/\/globalconnect.es\/ca\/politica-de-cookies\/#breadcrumb"},"inLanguage":"ca","potentialAction":[{"@type":"ReadAction","target":["https:\/\/globalconnect.es\/ca\/politica-de-cookies\/"]}]},{"@type":"BreadcrumbList","@id":"https:\/\/globalconnect.es\/ca\/politica-de-cookies\/#breadcrumb","itemListElement":[{"@type":"ListItem","position":1,"name":"Portada","item":"https:\/\/globalconnect.es\/"},{"@type":"ListItem","position":2,"name":"POL\u00cdTICA DE COOKIES"}]},{"@type":"WebSite","@id":"https:\/\/globalconnect.es\/#website","url":"https:\/\/globalconnect.es\/","name":"Global Connect Idiomes","description":"English Language Classes  Children","potentialAction":[{"@type":"SearchAction","target":{"@type":"EntryPoint","urlTemplate":"https:\/\/globalconnect.es\/?s={search_term_string}"},"query-input":{"@type":"PropertyValueSpecification","valueRequired":true,"valueName":"search_term_string"}}],"inLanguage":"ca"}]}},"_links":{"self":[{"href":"https:\/\/globalconnect.es\/ca\/wp-json\/wp\/v2\/pages\/1373","targetHints":{"allow":["GET"]}}],"collection":[{"href":"https:\/\/globalconnect.es\/ca\/wp-json\/wp\/v2\/pages"}],"about":[{"href":"https:\/\/globalconnect.es\/ca\/wp-json\/wp\/v2\/types\/page"}],"author":[{"embeddable":true,"href":"https:\/\/globalconnect.es\/ca\/wp-json\/wp\/v2\/users\/6"}],"replies":[{"embeddable":true,"href":"https:\/\/globalconnect.es\/ca\/wp-json\/wp\/v2\/comments?post=1373"}],"version-history":[{"count":0,"href":"https:\/\/globalconnect.es\/ca\/wp-json\/wp\/v2\/pages\/1373\/revisions"}],"wp:attachment":[{"href":"https:\/\/globalconnect.es\/ca\/wp-json\/wp\/v2\/media?parent=1373"}],"curies":[{"name":"wp","href":"https:\/\/api.w.org\/{rel}","templated":true}]}}