{"id":1367,"date":"2018-11-07T10:08:07","date_gmt":"2018-11-07T10:08:07","guid":{"rendered":"http:\/\/globalconnect.es\/?page_id=1367"},"modified":"2018-11-07T10:44:41","modified_gmt":"2018-11-07T10:44:41","slug":"avis-legal","status":"publish","type":"page","link":"https:\/\/globalconnect.es\/ca\/avis-legal\/","title":{"rendered":"AV\u00cdS LEGAL"},"content":{"rendered":"<p>En compliment de l&#8217;article 10 de la Llei 34\/2002, de 11 de juliol, de Serveis de la Societat de la Informaci\u00f3 i Comer\u00e7 Electr\u00f2nic (LSSICE) a continuaci\u00f3 es detallen les dades identificatives de l&#8217;empresa:<br \/>\nRa\u00f3 social: GLOBAL CONNECT IDIOMES, S.L. CIF: : B65976862<br \/>\nDirecci\u00f3: C\/ SANT PAU, 23- 08800 &#8211; : VILANOVA I LA GELTR\u00da- BARCELONA<br \/>\nTel\u00e8fon: 938144648 E-mail: info@globalconnect.es<\/p>\n<p>INSCRIPCI\u00d3 REGISTRAL.<br \/>\nTomo 43662 folio 94 secci\u00f3n B hoja.434833<\/p>\n<p>FINALITAT DE LA P\u00c0GINA WEB.<br \/>\nCursos d&#8217;Idiomes, especialitzat en formaci\u00f3 en angl\u00e8s per a particulars de totes les edats, institucions p\u00fabliques, privades i empreses<\/p>\n<p>El present av\u00eds legal (en endavant, el &#8220;Av\u00eds Legal&#8221;) regula l&#8217;\u00fas del lloc web: SI<\/p>\n<p>LEGISLACI\u00d3.<br \/>\nAmb car\u00e0cter general les relacions entre GLOBAL CONNECT IDIOMES, S.L. amb els Usuaris dels seus serveis telem\u00e0tics, presents en aquest lloc web, es troben sotmeses a la legislaci\u00f3 i jurisdicci\u00f3 espanyoles.<\/p>\n<p>\u00daS I ACC\u00c9S D&#8217;USUARIS.<br \/>\nL&#8217;Usuari queda informat, i accepta, que l&#8217;acc\u00e9s a la present web no suposa, de cap manera, l&#8217;inici d&#8217;una relaci\u00f3 comercial amb GLOBAL CONNECT IDIOMES, S.L. o qualsevol de les seves delegacions.<\/p>\n<p>Propietat intel\u00b7lectual i industrial.<br \/>\nEls drets de propietat intel\u00b7lectual del contingut de les p\u00e0gines web, el seu disseny gr\u00e0fic i codis s\u00f3n titularitat de GLOBAL CONNECT IDIOMES, S.L.. i, per tant, queda prohibida la seva reproducci\u00f3, distribuci\u00f3, comunicaci\u00f3 p\u00fablica, transformaci\u00f3 o qualsevol altra activitat que es pugui realitzar amb els continguts de les seves p\u00e0gines web ni encara citant les fonts, excepte consentiment per escrit de GLOBAL CONNECT IDIOMES, S.L.<\/p>\n<p>CONTINGUT DEL WEB I ENLLA\u00c7OS (LINKS).<br \/>\nGLOBAL CONNECT IDIOMES, S.L. es reserva el dret a actualitzar, modificar o eliminar la informaci\u00f3 continguda en les seves p\u00e0gines web podent fins i tot limitar o no permetre l&#8217;acc\u00e9s a aquesta informaci\u00f3 a certs usuaris.<\/p>\n<p>GLOBAL CONNECT IDIOMES, S.L. no assumeix cap responsabilitat per la informaci\u00f3 continguda en p\u00e0gines web de tercers a les que es pugui accedir per &#8220;links&#8221; o enlla\u00e7os des de qualsevol p\u00e0gina web propietat de GLOBAL CONNECT IDIOMES, S.L.. La pres\u00e8ncia de &#8220;links&#8221; o enlla\u00e7os a les p\u00e0gines web de GLOBAL CONNECT IDIOMES, S.L. t\u00e9 finalitat merament informativa i en cap cas suposa suggeriment, invitaci\u00f3 o recomanaci\u00f3 sobre els mateixos.<\/p>\n","protected":false},"excerpt":{"rendered":"<p>En compliment de l&#8217;article 10 de la Llei 34\/2002, de 11 de juliol, de Serveis de la Societat de la Informaci\u00f3 i Comer\u00e7 Electr\u00f2nic (LSSICE) a continuaci\u00f3 es detallen les&#8230;<\/p>\n","protected":false},"author":6,"featured_media":0,"parent":0,"menu_order":0,"comment_status":"closed","ping_status":"closed","template":"","meta":{"_monsterinsights_skip_tracking":false,"_monsterinsights_sitenote_active":false,"_monsterinsights_sitenote_note":"","_monsterinsights_sitenote_category":0,"footnotes":""},"class_list":["post-1367","page","type-page","status-publish"],"yoast_head":"<!-- This site is optimized with the Yoast SEO plugin v27.0 - https:\/\/yoast.com\/product\/yoast-seo-wordpress\/ -->\n<title>AV\u00cdS LEGAL - Global Connect Idiomes<\/title>\n<meta name=\"robots\" content=\"index, follow, max-snippet:-1, max-image-preview:large, max-video-preview:-1\" \/>\n<link rel=\"canonical\" href=\"https:\/\/globalconnect.es\/aviso-legal\/\" \/>\n<meta property=\"og:locale\" content=\"ca_ES\" \/>\n<meta property=\"og:type\" content=\"article\" \/>\n<meta property=\"og:title\" content=\"AV\u00cdS LEGAL - Global Connect Idiomes\" \/>\n<meta property=\"og:description\" content=\"En compliment de l&#8217;article 10 de la Llei 34\/2002, de 11 de juliol, de Serveis de la Societat de la Informaci\u00f3 i Comer\u00e7 Electr\u00f2nic (LSSICE) a continuaci\u00f3 es detallen les...\" \/>\n<meta property=\"og:url\" content=\"https:\/\/globalconnect.es\/aviso-legal\/\" \/>\n<meta property=\"og:site_name\" content=\"Global Connect Idiomes\" \/>\n<meta property=\"article:modified_time\" content=\"2018-11-07T10:44:41+00:00\" \/>\n<meta name=\"twitter:card\" content=\"summary_large_image\" \/>\n<meta name=\"twitter:label1\" content=\"Temps estimat de lectura\" \/>\n\t<meta name=\"twitter:data1\" content=\"2 minuts\" \/>\n<script type=\"application\/ld+json\" class=\"yoast-schema-graph\">{\"@context\":\"https:\/\/schema.org\",\"@graph\":[{\"@type\":\"WebPage\",\"@id\":\"https:\/\/globalconnect.es\/aviso-legal\/\",\"url\":\"https:\/\/globalconnect.es\/aviso-legal\/\",\"name\":\"AV\u00cdS LEGAL - Global Connect Idiomes\",\"isPartOf\":{\"@id\":\"https:\/\/globalconnect.es\/#website\"},\"datePublished\":\"2018-11-07T10:08:07+00:00\",\"dateModified\":\"2018-11-07T10:44:41+00:00\",\"breadcrumb\":{\"@id\":\"https:\/\/globalconnect.es\/aviso-legal\/#breadcrumb\"},\"inLanguage\":\"ca\",\"potentialAction\":[{\"@type\":\"ReadAction\",\"target\":[\"https:\/\/globalconnect.es\/aviso-legal\/\"]}]},{\"@type\":\"BreadcrumbList\",\"@id\":\"https:\/\/globalconnect.es\/aviso-legal\/#breadcrumb\",\"itemListElement\":[{\"@type\":\"ListItem\",\"position\":1,\"name\":\"Portada\",\"item\":\"https:\/\/globalconnect.es\/\"},{\"@type\":\"ListItem\",\"position\":2,\"name\":\"AV\u00cdS LEGAL\"}]},{\"@type\":\"WebSite\",\"@id\":\"https:\/\/globalconnect.es\/#website\",\"url\":\"https:\/\/globalconnect.es\/\",\"name\":\"Global Connect Idiomes\",\"description\":\"English Language Classes  Children\",\"potentialAction\":[{\"@type\":\"SearchAction\",\"target\":{\"@type\":\"EntryPoint\",\"urlTemplate\":\"https:\/\/globalconnect.es\/?s={search_term_string}\"},\"query-input\":{\"@type\":\"PropertyValueSpecification\",\"valueRequired\":true,\"valueName\":\"search_term_string\"}}],\"inLanguage\":\"ca\"}]}<\/script>\n<!-- \/ Yoast SEO plugin. -->","yoast_head_json":{"title":"AV\u00cdS LEGAL - Global Connect Idiomes","robots":{"index":"index","follow":"follow","max-snippet":"max-snippet:-1","max-image-preview":"max-image-preview:large","max-video-preview":"max-video-preview:-1"},"canonical":"https:\/\/globalconnect.es\/aviso-legal\/","og_locale":"ca_ES","og_type":"article","og_title":"AV\u00cdS LEGAL - Global Connect Idiomes","og_description":"En compliment de l&#8217;article 10 de la Llei 34\/2002, de 11 de juliol, de Serveis de la Societat de la Informaci\u00f3 i Comer\u00e7 Electr\u00f2nic (LSSICE) a continuaci\u00f3 es detallen les...","og_url":"https:\/\/globalconnect.es\/aviso-legal\/","og_site_name":"Global Connect Idiomes","article_modified_time":"2018-11-07T10:44:41+00:00","twitter_card":"summary_large_image","twitter_misc":{"Temps estimat de lectura":"2 minuts"},"schema":{"@context":"https:\/\/schema.org","@graph":[{"@type":"WebPage","@id":"https:\/\/globalconnect.es\/aviso-legal\/","url":"https:\/\/globalconnect.es\/aviso-legal\/","name":"AV\u00cdS LEGAL - Global Connect Idiomes","isPartOf":{"@id":"https:\/\/globalconnect.es\/#website"},"datePublished":"2018-11-07T10:08:07+00:00","dateModified":"2018-11-07T10:44:41+00:00","breadcrumb":{"@id":"https:\/\/globalconnect.es\/aviso-legal\/#breadcrumb"},"inLanguage":"ca","potentialAction":[{"@type":"ReadAction","target":["https:\/\/globalconnect.es\/aviso-legal\/"]}]},{"@type":"BreadcrumbList","@id":"https:\/\/globalconnect.es\/aviso-legal\/#breadcrumb","itemListElement":[{"@type":"ListItem","position":1,"name":"Portada","item":"https:\/\/globalconnect.es\/"},{"@type":"ListItem","position":2,"name":"AV\u00cdS LEGAL"}]},{"@type":"WebSite","@id":"https:\/\/globalconnect.es\/#website","url":"https:\/\/globalconnect.es\/","name":"Global Connect Idiomes","description":"English Language Classes  Children","potentialAction":[{"@type":"SearchAction","target":{"@type":"EntryPoint","urlTemplate":"https:\/\/globalconnect.es\/?s={search_term_string}"},"query-input":{"@type":"PropertyValueSpecification","valueRequired":true,"valueName":"search_term_string"}}],"inLanguage":"ca"}]}},"_links":{"self":[{"href":"https:\/\/globalconnect.es\/ca\/wp-json\/wp\/v2\/pages\/1367","targetHints":{"allow":["GET"]}}],"collection":[{"href":"https:\/\/globalconnect.es\/ca\/wp-json\/wp\/v2\/pages"}],"about":[{"href":"https:\/\/globalconnect.es\/ca\/wp-json\/wp\/v2\/types\/page"}],"author":[{"embeddable":true,"href":"https:\/\/globalconnect.es\/ca\/wp-json\/wp\/v2\/users\/6"}],"replies":[{"embeddable":true,"href":"https:\/\/globalconnect.es\/ca\/wp-json\/wp\/v2\/comments?post=1367"}],"version-history":[{"count":0,"href":"https:\/\/globalconnect.es\/ca\/wp-json\/wp\/v2\/pages\/1367\/revisions"}],"wp:attachment":[{"href":"https:\/\/globalconnect.es\/ca\/wp-json\/wp\/v2\/media?parent=1367"}],"curies":[{"name":"wp","href":"https:\/\/api.w.org\/{rel}","templated":true}]}}