{"id":1363,"date":"2018-11-07T10:06:18","date_gmt":"2018-11-07T10:06:18","guid":{"rendered":"http:\/\/globalconnect.es\/?page_id=1363"},"modified":"2026-01-21T14:44:52","modified_gmt":"2026-01-21T13:44:52","slug":"politica-de-privacitat","status":"publish","type":"page","link":"https:\/\/globalconnect.es\/ca\/politica-de-privacitat\/","title":{"rendered":"POL\u00cdTICA DE PRIVACITAT"},"content":{"rendered":"<h1 data-start=\"219\" data-end=\"243\">POL\u00cdTICA DE PRIVACITAT<\/h1>\n<h2 data-start=\"245\" data-end=\"272\">1. Informaci\u00f3 a l\u2019usuari<\/h2>\n<p data-start=\"274\" data-end=\"489\">GLOBAL CONNECT IDIOMES, S.L. (d\u2019ara endavant, el <strong data-start=\"323\" data-end=\"338\">RESPONSABLE<\/strong>) \u00e9s el responsable del tractament de les dades personals de l\u2019usuari i l\u2019informa que aquestes dades seran tractades de conformitat amb el que disposa:<\/p>\n<ul data-start=\"491\" data-end=\"591\">\n<li data-start=\"491\" data-end=\"540\">\n<p data-start=\"493\" data-end=\"540\">Reglament (UE) 2016\/679, de 27 d\u2019abril (RGPD)<\/p>\n<\/li>\n<li data-start=\"541\" data-end=\"591\">\n<p data-start=\"543\" data-end=\"591\">Llei org\u00e0nica 3\/2018, de 5 de desembre (LOPDGDD)<\/p>\n<\/li>\n<\/ul>\n<p data-start=\"593\" data-end=\"665\">Per aquest motiu, es facilita la seg\u00fcent informaci\u00f3 sobre el tractament:<\/p>\n<p data-start=\"667\" data-end=\"890\"><strong data-start=\"667\" data-end=\"698\">Responsable del tractament:<\/strong><br data-start=\"698\" data-end=\"701\" \/>GLOBAL CONNECT IDIOMES, S.L.<br data-start=\"729\" data-end=\"732\" \/>CIF: B65976862<br data-start=\"746\" data-end=\"749\" \/>Domicili social: C\/ Sant Pau, 23 \u2013 08800 Vilanova i la Geltr\u00fa (Barcelona)<br data-start=\"822\" data-end=\"825\" \/>Tel\u00e8fon: 938 144 648<br data-start=\"845\" data-end=\"848\" \/>Correu electr\u00f2nic: <a class=\"decorated-link cursor-pointer\" rel=\"noopener\" data-start=\"867\" data-end=\"888\">info@globalconnect.es<\/a><\/p>\n<hr data-start=\"892\" data-end=\"895\" \/>\n<h2 data-start=\"897\" data-end=\"950\">2. Finalitat del tractament de les dades personals<\/h2>\n<p data-start=\"952\" data-end=\"1041\">Les dades personals facilitades per l\u2019usuari seran tractades amb les finalitats seg\u00fcents:<\/p>\n<ul data-start=\"1043\" data-end=\"1388\">\n<li data-start=\"1043\" data-end=\"1117\">\n<p data-start=\"1045\" data-end=\"1117\">Gestionar sol\u00b7licituds d\u2019informaci\u00f3 realitzades a trav\u00e9s del lloc web.<\/p>\n<\/li>\n<li data-start=\"1118\" data-end=\"1176\">\n<p data-start=\"1120\" data-end=\"1176\">Prestar els serveis educatius i formatius contractats.<\/p>\n<\/li>\n<li data-start=\"1177\" data-end=\"1251\">\n<p data-start=\"1179\" data-end=\"1251\">Gestionar la relaci\u00f3 comercial i administrativa amb alumnes i clients.<\/p>\n<\/li>\n<li data-start=\"1252\" data-end=\"1339\">\n<p data-start=\"1254\" data-end=\"1339\">Enviar comunicacions informatives o comercials relacionades amb els serveis oferts.<\/p>\n<\/li>\n<li data-start=\"1340\" data-end=\"1388\">\n<p data-start=\"1342\" data-end=\"1388\">Complir amb les obligacions legals aplicables.<\/p>\n<\/li>\n<\/ul>\n<hr data-start=\"1390\" data-end=\"1393\" \/>\n<h2 data-start=\"1395\" data-end=\"1429\">3. Base jur\u00eddica del tractament<\/h2>\n<p data-start=\"1431\" data-end=\"1484\">El tractament de les dades personals es fonamenta en:<\/p>\n<ul data-start=\"1486\" data-end=\"1853\">\n<li data-start=\"1486\" data-end=\"1581\">\n<p data-start=\"1488\" data-end=\"1581\">El <strong data-start=\"1491\" data-end=\"1526\">consentiment expr\u00e9s de l\u2019usuari<\/strong>, atorgat en acceptar aquesta pol\u00edtica de privacitat.<\/p>\n<\/li>\n<li data-start=\"1582\" data-end=\"1657\">\n<p data-start=\"1584\" data-end=\"1657\">L\u2019<strong data-start=\"1586\" data-end=\"1613\">execuci\u00f3 d\u2019un contracte<\/strong> o l\u2019aplicaci\u00f3 de mesures precontractuals.<\/p>\n<\/li>\n<li data-start=\"1658\" data-end=\"1727\">\n<p data-start=\"1660\" data-end=\"1727\">El <strong data-start=\"1663\" data-end=\"1698\">compliment d\u2019obligacions legals<\/strong> aplicables al responsable.<\/p>\n<\/li>\n<li data-start=\"1728\" data-end=\"1853\">\n<p data-start=\"1730\" data-end=\"1853\">L\u2019<strong data-start=\"1732\" data-end=\"1751\">inter\u00e8s leg\u00edtim<\/strong> del responsable per a l\u2019enviament de comunicacions relacionades amb serveis similars als contractats.<\/p>\n<\/li>\n<\/ul>\n<hr data-start=\"1855\" data-end=\"1858\" \/>\n<h2 data-start=\"1860\" data-end=\"1890\">4. Conservaci\u00f3 de les dades<\/h2>\n<p data-start=\"1892\" data-end=\"2146\">Les dades personals es conservaran durant el temps estrictament necessari per complir la finalitat per a la qual van ser recollides i, posteriorment, durant els terminis exigits legalment per al compliment d\u2019obligacions fiscals, administratives o legals.<\/p>\n<hr data-start=\"2148\" data-end=\"2151\" \/>\n<h2 data-start=\"2153\" data-end=\"2184\">5. Destinataris de les dades<\/h2>\n<p data-start=\"2186\" data-end=\"2490\">No es comunicaran dades personals a tercers, excepte per obligaci\u00f3 legal o quan sigui necessari per a la correcta prestaci\u00f3 del servei (prove\u00efdors tecnol\u00f2gics, serveis d\u2019allotjament web, plataformes educatives, etc.), amb els quals s\u2019hagin subscrit els corresponents contractes d\u2019enc\u00e0rrec del tractament.<\/p>\n<p data-start=\"2492\" data-end=\"2540\">En cap cas es vendran dades personals a tercers.<\/p>\n<hr data-start=\"2542\" data-end=\"2545\" \/>\n<h2 data-start=\"2547\" data-end=\"2591\">6. Transfer\u00e8ncies internacionals de dades<\/h2>\n<p data-start=\"2593\" data-end=\"2820\">Amb car\u00e0cter general, les dades s\u2019emmagatzemen dins de l\u2019Espai Econ\u00f2mic Europeu. En cas que es produeixin transfer\u00e8ncies internacionals de dades, es garantir\u00e0 un nivell adequat de protecci\u00f3 d\u2019acord amb el que estableix el RGPD.<\/p>\n<hr data-start=\"2822\" data-end=\"2825\" \/>\n<h2 data-start=\"2827\" data-end=\"2850\">7. Drets de l\u2019usuari<\/h2>\n<p data-start=\"2852\" data-end=\"2871\">L\u2019usuari t\u00e9 dret a:<\/p>\n<ul data-start=\"2873\" data-end=\"3277\">\n<li data-start=\"2873\" data-end=\"2913\">\n<p data-start=\"2875\" data-end=\"2913\">Accedir a les seves dades personals.<\/p>\n<\/li>\n<li data-start=\"2914\" data-end=\"2963\">\n<p data-start=\"2916\" data-end=\"2963\">Rectificar les dades inexactes o incompletes.<\/p>\n<\/li>\n<li data-start=\"2964\" data-end=\"3064\">\n<p data-start=\"2966\" data-end=\"3064\">Sol\u00b7licitar la supressi\u00f3 de les seves dades quan, entre altres motius, ja no siguin necess\u00e0ries.<\/p>\n<\/li>\n<li data-start=\"3065\" data-end=\"3128\">\n<p data-start=\"3067\" data-end=\"3128\">Sol\u00b7licitar la limitaci\u00f3 del tractament de les seves dades.<\/p>\n<\/li>\n<li data-start=\"3129\" data-end=\"3176\">\n<p data-start=\"3131\" data-end=\"3176\">Oposar-se al tractament de les seves dades.<\/p>\n<\/li>\n<li data-start=\"3177\" data-end=\"3222\">\n<p data-start=\"3179\" data-end=\"3222\">Sol\u00b7licitar la portabilitat de les dades.<\/p>\n<\/li>\n<li data-start=\"3223\" data-end=\"3277\">\n<p data-start=\"3225\" data-end=\"3277\">Retirar el consentiment prestat en qualsevol moment.<\/p>\n<\/li>\n<\/ul>\n<p data-start=\"3279\" data-end=\"3403\">Per exercir aquests drets, l\u2019usuari pot enviar una sol\u00b7licitud escrita, acompanyada de c\u00f2pia d\u2019un document identificatiu, a:<\/p>\n<p data-start=\"3405\" data-end=\"3433\">&#x1f4e7; <strong data-start=\"3408\" data-end=\"3433\"><a class=\"decorated-link cursor-pointer\" rel=\"noopener\" data-start=\"3410\" data-end=\"3431\">info@globalconnect.es<\/a><\/strong><\/p>\n<p data-start=\"3435\" data-end=\"3643\">Aix\u00ed mateix, l\u2019usuari t\u00e9 dret a presentar una reclamaci\u00f3 davant l\u2019<strong data-start=\"3501\" data-end=\"3558\">Ag\u00e8ncia Espanyola de Protecci\u00f3 de Dades (<a class=\"decorated-link\" href=\"http:\/\/www.aepd.es\" target=\"_new\" rel=\"noopener\" data-start=\"3544\" data-end=\"3555\">www.aepd.es<\/a>)<\/strong> si considera que el tractament de les seves dades no s\u2019ajusta a la normativa vigent.<\/p>\n<hr data-start=\"3645\" data-end=\"3648\" \/>\n<h2 data-start=\"3650\" data-end=\"3690\">8. Exactitud i veracitat de les dades<\/h2>\n<p data-start=\"3692\" data-end=\"3953\">L\u2019usuari garanteix que les dades personals facilitades s\u00f3n veraces, exactes i actualitzades, i es compromet a comunicar qualsevol modificaci\u00f3 de les mateixes. L\u2019usuari ser\u00e0 responsable de qualsevol dany o perjudici derivat de l\u2019incompliment d\u2019aquesta obligaci\u00f3.<\/p>\n<hr data-start=\"3955\" data-end=\"3958\" \/>\n<h2 data-start=\"3960\" data-end=\"3988\">9. Dades de menors d\u2019edat<\/h2>\n<p data-start=\"3990\" data-end=\"4237\">Els serveis oferts no estan adre\u00e7ats espec\u00edficament a menors de 14 anys. En cas que es recullin dades de menors d\u2019aquesta edat, ser\u00e0 necessari el consentiment previ, expr\u00e9s i verificable dels pares o tutors legals, d\u2019acord amb la normativa vigent.<\/p>\n<hr data-start=\"4239\" data-end=\"4242\" \/>\n<h2 data-start=\"4244\" data-end=\"4271\">10. Mesures de seguretat<\/h2>\n<p data-start=\"4273\" data-end=\"4510\">GLOBAL CONNECT IDIOMES, S.L. ha adoptat les mesures t\u00e8cniques i organitzatives necess\u00e0ries per garantir la seguretat, integritat i confidencialitat de les dades personals, evitant-ne l\u2019alteraci\u00f3, p\u00e8rdua, tractament o acc\u00e9s no autoritzat.<\/p>\n<hr data-start=\"4512\" data-end=\"4515\" \/>\n<h2 data-start=\"4517\" data-end=\"4564\">11. Modificaci\u00f3 de la pol\u00edtica de privacitat<\/h2>\n<p data-start=\"4566\" data-end=\"4768\">GLOBAL CONNECT IDIOMES, S.L. es reserva el dret de modificar la present Pol\u00edtica de Privacitat per adaptar-la a novetats legislatives o jurisprudencials. Es recomana a l\u2019usuari revisar-la peri\u00f2dicament.<\/p>\n","protected":false},"excerpt":{"rendered":"<p>POL\u00cdTICA DE PRIVACITAT 1. Informaci\u00f3 a l\u2019usuari GLOBAL CONNECT IDIOMES, S.L. (d\u2019ara endavant, el RESPONSABLE) \u00e9s el responsable del tractament de les dades personals de l\u2019usuari i l\u2019informa que aquestes&#8230;<\/p>\n","protected":false},"author":6,"featured_media":0,"parent":0,"menu_order":0,"comment_status":"closed","ping_status":"closed","template":"","meta":{"_monsterinsights_skip_tracking":false,"_monsterinsights_sitenote_active":false,"_monsterinsights_sitenote_note":"","_monsterinsights_sitenote_category":0,"footnotes":""},"class_list":["post-1363","page","type-page","status-publish"],"yoast_head":"<!-- This site is optimized with the Yoast SEO plugin v27.0 - https:\/\/yoast.com\/product\/yoast-seo-wordpress\/ -->\n<title>POL\u00cdTICA DE PRIVACITAT - Global Connect Idiomes<\/title>\n<meta name=\"robots\" content=\"index, follow, max-snippet:-1, max-image-preview:large, max-video-preview:-1\" \/>\n<link rel=\"canonical\" href=\"https:\/\/globalconnect.es\/ca\/politica-de-privacitat\/\" \/>\n<meta property=\"og:locale\" content=\"ca_ES\" \/>\n<meta property=\"og:type\" content=\"article\" \/>\n<meta property=\"og:title\" content=\"POL\u00cdTICA DE PRIVACITAT - Global Connect Idiomes\" \/>\n<meta property=\"og:description\" content=\"POL\u00cdTICA DE PRIVACITAT 1. Informaci\u00f3 a l\u2019usuari GLOBAL CONNECT IDIOMES, S.L. (d\u2019ara endavant, el RESPONSABLE) \u00e9s el responsable del tractament de les dades personals de l\u2019usuari i l\u2019informa que aquestes...\" \/>\n<meta property=\"og:url\" content=\"https:\/\/globalconnect.es\/ca\/politica-de-privacitat\/\" \/>\n<meta property=\"og:site_name\" content=\"Global Connect Idiomes\" \/>\n<meta property=\"article:modified_time\" content=\"2026-01-21T13:44:52+00:00\" \/>\n<meta name=\"twitter:card\" content=\"summary_large_image\" \/>\n<meta name=\"twitter:label1\" content=\"Temps estimat de lectura\" \/>\n\t<meta name=\"twitter:data1\" content=\"3 minuts\" \/>\n<script type=\"application\/ld+json\" class=\"yoast-schema-graph\">{\"@context\":\"https:\/\/schema.org\",\"@graph\":[{\"@type\":\"WebPage\",\"@id\":\"https:\/\/globalconnect.es\/ca\/politica-de-privacitat\/\",\"url\":\"https:\/\/globalconnect.es\/ca\/politica-de-privacitat\/\",\"name\":\"POL\u00cdTICA DE PRIVACITAT - Global Connect Idiomes\",\"isPartOf\":{\"@id\":\"https:\/\/globalconnect.es\/#website\"},\"datePublished\":\"2018-11-07T10:06:18+00:00\",\"dateModified\":\"2026-01-21T13:44:52+00:00\",\"breadcrumb\":{\"@id\":\"https:\/\/globalconnect.es\/ca\/politica-de-privacitat\/#breadcrumb\"},\"inLanguage\":\"ca\",\"potentialAction\":[{\"@type\":\"ReadAction\",\"target\":[\"https:\/\/globalconnect.es\/ca\/politica-de-privacitat\/\"]}]},{\"@type\":\"BreadcrumbList\",\"@id\":\"https:\/\/globalconnect.es\/ca\/politica-de-privacitat\/#breadcrumb\",\"itemListElement\":[{\"@type\":\"ListItem\",\"position\":1,\"name\":\"Portada\",\"item\":\"https:\/\/globalconnect.es\/\"},{\"@type\":\"ListItem\",\"position\":2,\"name\":\"POL\u00cdTICA DE PRIVACITAT\"}]},{\"@type\":\"WebSite\",\"@id\":\"https:\/\/globalconnect.es\/#website\",\"url\":\"https:\/\/globalconnect.es\/\",\"name\":\"Global Connect Idiomes\",\"description\":\"English Language Classes  Children\",\"potentialAction\":[{\"@type\":\"SearchAction\",\"target\":{\"@type\":\"EntryPoint\",\"urlTemplate\":\"https:\/\/globalconnect.es\/?s={search_term_string}\"},\"query-input\":{\"@type\":\"PropertyValueSpecification\",\"valueRequired\":true,\"valueName\":\"search_term_string\"}}],\"inLanguage\":\"ca\"}]}<\/script>\n<!-- \/ Yoast SEO plugin. -->","yoast_head_json":{"title":"POL\u00cdTICA DE PRIVACITAT - Global Connect Idiomes","robots":{"index":"index","follow":"follow","max-snippet":"max-snippet:-1","max-image-preview":"max-image-preview:large","max-video-preview":"max-video-preview:-1"},"canonical":"https:\/\/globalconnect.es\/ca\/politica-de-privacitat\/","og_locale":"ca_ES","og_type":"article","og_title":"POL\u00cdTICA DE PRIVACITAT - Global Connect Idiomes","og_description":"POL\u00cdTICA DE PRIVACITAT 1. Informaci\u00f3 a l\u2019usuari GLOBAL CONNECT IDIOMES, S.L. (d\u2019ara endavant, el RESPONSABLE) \u00e9s el responsable del tractament de les dades personals de l\u2019usuari i l\u2019informa que aquestes...","og_url":"https:\/\/globalconnect.es\/ca\/politica-de-privacitat\/","og_site_name":"Global Connect Idiomes","article_modified_time":"2026-01-21T13:44:52+00:00","twitter_card":"summary_large_image","twitter_misc":{"Temps estimat de lectura":"3 minuts"},"schema":{"@context":"https:\/\/schema.org","@graph":[{"@type":"WebPage","@id":"https:\/\/globalconnect.es\/ca\/politica-de-privacitat\/","url":"https:\/\/globalconnect.es\/ca\/politica-de-privacitat\/","name":"POL\u00cdTICA DE PRIVACITAT - Global Connect Idiomes","isPartOf":{"@id":"https:\/\/globalconnect.es\/#website"},"datePublished":"2018-11-07T10:06:18+00:00","dateModified":"2026-01-21T13:44:52+00:00","breadcrumb":{"@id":"https:\/\/globalconnect.es\/ca\/politica-de-privacitat\/#breadcrumb"},"inLanguage":"ca","potentialAction":[{"@type":"ReadAction","target":["https:\/\/globalconnect.es\/ca\/politica-de-privacitat\/"]}]},{"@type":"BreadcrumbList","@id":"https:\/\/globalconnect.es\/ca\/politica-de-privacitat\/#breadcrumb","itemListElement":[{"@type":"ListItem","position":1,"name":"Portada","item":"https:\/\/globalconnect.es\/"},{"@type":"ListItem","position":2,"name":"POL\u00cdTICA DE PRIVACITAT"}]},{"@type":"WebSite","@id":"https:\/\/globalconnect.es\/#website","url":"https:\/\/globalconnect.es\/","name":"Global Connect Idiomes","description":"English Language Classes  Children","potentialAction":[{"@type":"SearchAction","target":{"@type":"EntryPoint","urlTemplate":"https:\/\/globalconnect.es\/?s={search_term_string}"},"query-input":{"@type":"PropertyValueSpecification","valueRequired":true,"valueName":"search_term_string"}}],"inLanguage":"ca"}]}},"_links":{"self":[{"href":"https:\/\/globalconnect.es\/ca\/wp-json\/wp\/v2\/pages\/1363","targetHints":{"allow":["GET"]}}],"collection":[{"href":"https:\/\/globalconnect.es\/ca\/wp-json\/wp\/v2\/pages"}],"about":[{"href":"https:\/\/globalconnect.es\/ca\/wp-json\/wp\/v2\/types\/page"}],"author":[{"embeddable":true,"href":"https:\/\/globalconnect.es\/ca\/wp-json\/wp\/v2\/users\/6"}],"replies":[{"embeddable":true,"href":"https:\/\/globalconnect.es\/ca\/wp-json\/wp\/v2\/comments?post=1363"}],"version-history":[{"count":0,"href":"https:\/\/globalconnect.es\/ca\/wp-json\/wp\/v2\/pages\/1363\/revisions"}],"wp:attachment":[{"href":"https:\/\/globalconnect.es\/ca\/wp-json\/wp\/v2\/media?parent=1363"}],"curies":[{"name":"wp","href":"https:\/\/api.w.org\/{rel}","templated":true}]}}